{"id":1581,"date":"2022-02-03T13:55:23","date_gmt":"2022-02-03T21:55:23","guid":{"rendered":"https:\/\/live-rsa-hub.pantheonsite.io\/?page_id=1581"},"modified":"2025-02-07T16:23:56","modified_gmt":"2025-02-07T21:23:56","slug":"vulnerability-response-policy","status":"publish","type":"page","link":"https:\/\/www.rsa.com\/de\/vulnerability-response-policy\/","title":{"rendered":"Politik zur Reaktion auf Schwachstellen"},"content":{"rendered":"<h3>Einf\u00fchrung<\/h3>\n<p>RSA ist bestrebt, seinen Kunden dabei zu helfen, das mit Sicherheitsl\u00fccken in unseren Produkten verbundene Risiko zu minimieren. Unser Ziel ist es, unseren Kunden rechtzeitig Informationen, Anleitungen und Optionen zur Behebung von Schwachstellen zur Verf\u00fcgung zu stellen. Das RSA Product Security Incident Response Team (RSA PSIRT) wurde gegr\u00fcndet und ist f\u00fcr die Koordinierung der Reaktion und Offenlegung aller Produktschwachstellen verantwortlich, die RSA gemeldet werden.<\/p>\n<h3>Wie man eine Sicherheitsschwachstelle meldet<\/h3>\n<p>Wenn Sie eine Sicherheitsl\u00fccke in einem RSA-Produkt entdecken, melden Sie uns diese bitte umgehend. Sicherheitsforscher, Branchengruppen, Anbieter und andere Benutzer, die keinen Zugang zum technischen Support haben, sollten Berichte \u00fcber Sicherheitsl\u00fccken direkt an die RSA\u00a0<a href=\"mailto:responsibledisclosure@rsa.com\">PSIRT per E-Mail<\/a>. Die rechtzeitige Erkennung von Sicherheitsschwachstellen ist entscheidend f\u00fcr die Abschw\u00e4chung potenzieller Risiken f\u00fcr unsere Kunden.<\/p>\n<p>Kunden und Partner von RSA-Produkten sollten sich an ihr jeweiliges technisches Support-Team wenden, um Sicherheitsprobleme zu melden, die in RSA-Produkten entdeckt wurden. Das Team des technischen Supports, das entsprechende Produktteam und das RSA PSIRT arbeiten zusammen, um das gemeldete Problem zu beheben und die Kunden \u00fcber die n\u00e4chsten Schritte zu informieren.<\/p>\n<p>Wenn Sie eine potenzielle Schwachstelle melden, geben Sie bitte m\u00f6glichst viele der unten aufgef\u00fchrten Informationen an, damit wir Art und Umfang des gemeldeten Problems besser verstehen k\u00f6nnen:<\/p>\n<ul>\n<li>Produktname und Version, die die Schwachstelle enth\u00e4lt<\/li>\n<li>Umgebungs- oder Systeminformationen, unter denen das Problem reproduziert wurde (z. B. Produktmodellnummer, Betriebssystemversion usw.)<\/li>\n<li>Typ und\/oder Klasse der Sicherheitsl\u00fccke (XSS, Puffer\u00fcberlauf, RCE, CWE<a>,<\/a>\u00a0<a>usw.<\/a>.)<\/li>\n<li>Schritt-f\u00fcr-Schritt-Anleitung zur Reproduktion der Schwachstelle<\/li>\n<li>Proof-of-Concept oder Exploit-Code<\/li>\n<li>M\u00f6gliche Auswirkungen der Schwachstelle<\/li>\n<\/ul>\n<h3>Umgang mit Schwachstellenberichten<\/h3>\n<p>RSA ist bestrebt, eine gute Beziehung zu Sicherheitsforschern aufrechtzuerhalten, und kann mit deren Einverst\u00e4ndnis den Forscher daf\u00fcr anerkennen, dass er eine g\u00fcltige Produktschwachstelle gefunden und das Problem vertraulich gemeldet hat. Im Gegenzug bitten wir die Forscher, uns die M\u00f6glichkeit zu geben, die Schwachstelle zu beheben, bevor wir sie \u00f6ffentlich bekannt geben. RSA ist der Ansicht, dass die Koordinierung der \u00f6ffentlichen Bekanntgabe einer Schwachstelle der Schl\u00fcssel zum Schutz unserer Kunden ist.<\/p>\n<p>Gem\u00e4\u00df dieser Richtlinie sollen alle offengelegten Informationen \u00fcber Schwachstellen zwischen RSA und der meldenden Partei verbleiben - sofern die Informationen nicht bereits \u00f6ffentlich bekannt sind -, bis eine Abhilfe verf\u00fcgbar ist und die Offenlegungsaktivit\u00e4ten koordiniert werden.<\/p>\n<h3>Behebung von Schwachstellen<\/h3>\n<p>Nach der Untersuchung und Validierung einer gemeldeten Schwachstelle versuchen wir, eine geeignete Abhilfema\u00dfnahme f\u00fcr Produkte zu entwickeln und zu qualifizieren, die von RSA aktiv unterst\u00fctzt werden. Eine Abhilfe kann eine oder mehrere der folgenden Formen annehmen:<\/p>\n<ul>\n<li>Eine neue Version des betroffenen Produkts, das von RSA verpackt wurde;<\/li>\n<li>Ein von RSA bereitgestellter Patch, der \u00fcber das betroffene Produkt installiert werden kann;<\/li>\n<li>Anweisungen zum Herunterladen und Installieren eines Updates oder Patches von einem Drittanbieter, das zur Behebung der Sicherheitsl\u00fccke erforderlich ist;<\/li>\n<li>Ein von RSA ver\u00f6ffentlichtes Korrekturverfahren oder eine Umgehungsl\u00f6sung, die die Benutzer anweist, die Produktkonfiguration anzupassen, um die Schwachstelle zu entsch\u00e4rfen.<\/li>\n<\/ul>\n<p>RSA bem\u00fcht sich nach Kr\u00e4ften, die Abhilfe oder Korrekturma\u00dfnahme in der k\u00fcrzesten kommerziell vertretbaren Zeit bereitzustellen. Die Reaktionszeiten h\u00e4ngen von vielen Faktoren ab, wie z. B. dem Schweregrad, der Auswirkung, der Komplexit\u00e4t der Abhilfema\u00dfnahmen, der betroffenen Komponente (z. B. erfordern einige Updates l\u00e4ngere Validierungszyklen oder k\u00f6nnen nur in einer Hauptversion aktualisiert werden), dem Stadium des Produkts innerhalb seines Lebenszyklus und dem Status des Gesch\u00e4ftsbetriebs, um nur einige zu nennen.<\/p>\n<h3>Auswirkungen und Schweregrad<\/h3>\n<p>RSA verwendet derzeit die\u00a0<a href=\"https:\/\/www.first.org\/cvss\/user-guide\" target=\"_blank\" rel=\"noopener\">Gemeinsames System zur Bewertung von Schwachstellen<\/a>\u00a0Version 3.1 (CVSS v3.1) ein offenes Rahmenwerk f\u00fcr die Mitteilung der Merkmale und des Schweregrads von Software-Schwachstellen von RSA.  Dabei werden viele Faktoren ber\u00fccksichtigt, darunter der Aufwand, der zur Ausnutzung einer Schwachstelle erforderlich ist, sowie die potenziellen Auswirkungen eines erfolgreichen Angriffs auf Daten oder Gesch\u00e4ftsaktivit\u00e4ten.<\/p>\n<p>Die Gesamtauswirkung eines Sicherheitshinweises ist eine textuelle Darstellung des Schweregrads (d. h. kritisch, hoch, mittel und niedrig), die der CVSS Severity Qualitative Severity Rating Scale f\u00fcr den h\u00f6chsten CVSS Base Score aller identifizierten Schwachstellen folgt. Sofern zutreffend, gibt RSA die Gesamtauswirkungen der Empfehlung und f\u00fcr jede identifizierte Schwachstelle den CVSS v3.1 Base Score und den entsprechenden CVSS v3.1 Vector an. RSA empfiehlt allen Kunden, sowohl den Base Score als auch alle zeitlichen und\/oder umgebungsbezogenen Metriken zu ber\u00fccksichtigen, die f\u00fcr ihre Umgebung relevant sein k\u00f6nnen, um ihr Gesamtrisiko zu bewerten.<\/p>\n<h3>Abhilfe Kommunikation<\/h3>\n<p>In der Regel informieren wir unsere Kunden \u00fcber Abhilfema\u00dfnahmen in Form von RSA-Sicherheitshinweisen, sofern zutreffend. Zum Schutz unserer Kunden ist RSA bestrebt, einen Sicherheitshinweis zu ver\u00f6ffentlichen, sobald wir eine Abhilfema\u00dfnahme f\u00fcr ein oder mehrere betroffene Produkte getroffen haben. RSA kann Sicherheitshinweise fr\u00fcher ver\u00f6ffentlichen, um angemessen auf \u00f6ffentliche Enth\u00fcllungen oder weithin bekannte Schwachstellen in den in unseren Produkten verwendeten Komponenten zu reagieren.<\/p>\n<p>Sicherheitshinweise sollen gen\u00fcgend Details liefern, damit die Kunden die Auswirkungen von Schwachstellen absch\u00e4tzen und potenziell gef\u00e4hrdete Produkte abstellen k\u00f6nnen. Um die Wahrscheinlichkeit zu verringern, dass b\u00f6swillige Benutzer die Informationen ausnutzen und zum Nachteil unserer Kunden auswerten k\u00f6nnen, k\u00f6nnen die Einzelheiten eingeschr\u00e4nkt werden.<\/p>\n<p>RSA-Sicherheitshinweise enthalten in der Regel die folgenden Informationen, sofern zutreffend:<\/p>\n<ul>\n<li>Die Gesamtauswirkungen, d. h. eine textuelle Darstellung des Schweregrads (d. h. kritisch, hoch, mittel und gering), die der qualitativen CVSS-Schweregradskala f\u00fcr den h\u00f6chsten CVSS-Basis-Score aller identifizierten Schwachstellen folgt;<\/li>\n<li>Betroffene Produkte und Versionen;<\/li>\n<li>CVSS Base Score und Vector f\u00fcr alle identifizierten Schwachstellen;<\/li>\n<li><a href=\"http:\/\/cve.mitre.org\/\" target=\"_blank\" rel=\"noopener\">Gemeinsame Aufz\u00e4hlung von Schwachstellen<\/a>\u00a0(CVE) Kennung f\u00fcr alle identifizierten Schwachstellen, so dass die Informationen f\u00fcr jede einzelne Schwachstelle \u00fcber verschiedene Schwachstellenmanagement-Funktionen (z.B. Tools wie Schwachstellen-Scanner, Repositories und Dienste) gemeinsam genutzt werden k\u00f6nnen;<\/li>\n<li>Kurze Beschreibung der Schwachstelle und der m\u00f6glichen Auswirkungen, wenn sie ausgenutzt wird;<\/li>\n<li>Einzelheiten zur Abhilfe mit Informationen zur Aktualisierung\/Abhilfe;<\/li>\n<li>Danksagung an den Finder f\u00fcr die Meldung der Schwachstelle und die Zusammenarbeit mit RSA bei einer koordinierten Freigabe, sofern zutreffend.<\/li>\n<\/ul>\n<h3>Zus\u00e4tzliche Informationen zur Offenlegung<\/h3>\n<p>Die RSA-Richtlinie sieht vor, keine Informationen \u00fcber die Besonderheiten von Schwachstellen bereitzustellen, die \u00fcber die Sicherheitshinweise und die zugeh\u00f6rige Dokumentation (z. B. Versionshinweise, Knowledgebase-Artikel, FAQs usw.) hinausgehen. Wir verbreiten keinen Exploit- oder Proof-of-Concept-Code f\u00fcr identifizierte Schwachstellen. In \u00dcbereinstimmung mit den branchen\u00fcblichen Praktiken gibt RSA die Ergebnisse seiner internen Sicherheitstests oder andere Arten von Sicherheitsaktivit\u00e4ten nicht an externe Stellen weiter<a>.<\/a><\/p>\n<h3>Benachrichtigung von RSA \u00fcber andere Sicherheitsprobleme<\/h3>\n<p>Wenn Sie RSA ein anderes Sicherheitsproblem melden m\u00f6chten, wenden Sie sich bitte an die unten aufgef\u00fchrten Ansprechpartner:<\/p>\n<table border=\"1\" width=\"624\" cellspacing=\"0\" cellpadding=\"4\">\n<tbody>\n<tr>\n<th width=\"312\">Sicherheitsproblem<\/th>\n<th width=\"312\">Kontaktinformationen<\/th>\n<\/tr>\n<tr>\n<td width=\"312\">Um eine Sicherheitsschwachstelle oder ein Problem bei RSA.com oder einem anderen Online-Dienst, einer Webanwendung oder einem Objekt zu melden<\/td>\n<td width=\"312\">Einen Bericht einreichen unter\u00a0<a href=\"mailto:responsibledisclosure@rsa.com\">responsibledisclosure@rsa.com<\/a>\u00a0mit einer Schritt-f\u00fcr-Schritt-Anleitung, um das Problem zu reproduzieren.<\/td>\n<\/tr>\n<tr>\n<td width=\"312\">Um Antr\u00e4ge oder Fragen zum Datenschutz zu stellen<\/td>\n<td width=\"312\">Siehe\u00a0<a href=\"\/de\/privacy\/\">RSA-Datenschutz<\/a>\u00a0Seite.<\/td>\n<\/tr>\n<\/tbody>\n<\/table>\n<p>&nbsp;<\/p>\n<h3>Kundenanspr\u00fcche: Garantien, Support und Wartung<\/h3>\n<p>Die Anspr\u00fcche von RSA-Kunden in Bezug auf Garantien, Support und Wartung - einschlie\u00dflich Schwachstellen in einem RSA-Softwareprodukt - werden durch die jeweilige Vereinbarung zwischen RSA und dem einzelnen Kunden geregelt. Die Aussagen auf dieser Webseite \u00e4ndern, erweitern oder erg\u00e4nzen keine Kundenrechte und schaffen keine zus\u00e4tzlichen Garantien.<\/p>\n<h3>Haftungsausschluss<\/h3>\n<p>Alle Aspekte der RSA-Richtlinie zur Reaktion auf Schwachstellen k\u00f6nnen ohne vorherige Ank\u00fcndigung und von Fall zu Fall ge\u00e4ndert werden. Eine Reaktion auf ein bestimmtes Problem oder eine bestimmte Gruppe von Problemen wird nicht garantiert. Die Verwendung der in diesem Dokument enthaltenen Informationen oder der darin verlinkten Materialien erfolgt auf eigene Gefahr. RSA beh\u00e4lt sich das Recht vor, dieses Dokument nach eigenem Ermessen und ohne Vorank\u00fcndigung jederzeit zu \u00e4ndern oder zu aktualisieren.<\/p>","protected":false},"excerpt":{"rendered":"<p>Einf\u00fchrung RSA ist bestrebt, seine Kunden bei der Minimierung von Risiken im Zusammenhang mit Sicherheitsschwachstellen in seinen Produkten zu unterst\u00fctzen. Unser Ziel ist es, unseren Kunden rechtzeitig Informationen, Anleitungen und Optionen zur Behebung von Sicherheitsl\u00fccken zur Verf\u00fcgung zu stellen. Das RSA Product Security Incident Response Team (RSA PSIRT) wurde gegr\u00fcndet und ist f\u00fcr die Koordinierung der Reaktion und Offenlegung aller Produktschwachstellen verantwortlich ... <a href=\"https:\/\/www.rsa.com\/de\/vulnerability-response-policy\/\">Fortsetzung<\/a><\/p>","protected":false},"author":6,"featured_media":0,"parent":0,"menu_order":0,"comment_status":"closed","ping_status":"closed","template":"template-policy.blade.php","meta":{"_acf_changed":false,"_searchwp_excluded":"","inline_featured_image":false,"footnotes":""},"class_list":["post-1581","page","type-page","status-publish","hentry"],"acf":[],"yoast_head":"<!-- This site is optimized with the Yoast SEO plugin v27.3 - https:\/\/yoast.com\/product\/yoast-seo-wordpress\/ -->\n<title>Vulnerability Response Policy - RSA<\/title>\n<meta name=\"description\" content=\"The RSA Product Security Incident Response Team (RSA PSIRT) is chartered and responsible for coordinating the response and disclosure for all product vulnerabilities that are reported to RSA.\" \/>\n<meta name=\"robots\" content=\"index, follow, max-snippet:-1, max-image-preview:large, max-video-preview:-1\" \/>\n<link rel=\"canonical\" href=\"https:\/\/www.rsa.com\/de\/vulnerability-response-policy\/\" \/>\n<meta property=\"og:locale\" content=\"de_DE\" \/>\n<meta property=\"og:type\" content=\"article\" \/>\n<meta property=\"og:title\" content=\"Vulnerability Response Policy\" \/>\n<meta property=\"og:description\" content=\"The RSA Product Security Incident Response Team (RSA PSIRT) is chartered and responsible for coordinating the response and disclosure for all product vulnerabilities that are reported to RSA.\" \/>\n<meta property=\"og:url\" content=\"https:\/\/www.rsa.com\/de\/vulnerability-response-policy\/\" \/>\n<meta property=\"og:site_name\" content=\"RSA\" \/>\n<meta property=\"article:modified_time\" content=\"2025-02-07T21:23:56+00:00\" \/>\n<meta property=\"og:image\" content=\"https:\/\/www.rsa.com\/wp-content\/uploads\/rsa-og-image.jpg\" \/>\n\t<meta property=\"og:image:width\" content=\"1200\" \/>\n\t<meta property=\"og:image:height\" content=\"630\" \/>\n\t<meta property=\"og:image:type\" content=\"image\/jpeg\" \/>\n<meta name=\"twitter:card\" content=\"summary_large_image\" \/>\n<meta name=\"twitter:title\" content=\"Vulnerability Response Policy\" \/>\n<meta name=\"twitter:description\" content=\"The RSA Product Security Incident Response Team (RSA PSIRT) is chartered and responsible for coordinating the response and disclosure for all product vulnerabilities that are reported to RSA.\" \/>\n<meta name=\"twitter:image\" content=\"https:\/\/www.rsa.com\/wp-content\/uploads\/rsa-og-image.jpg\" \/>\n<script type=\"application\/ld+json\" class=\"yoast-schema-graph\">{\"@context\":\"https:\\\/\\\/schema.org\",\"@graph\":[{\"@type\":\"WebPage\",\"@id\":\"https:\\\/\\\/www.rsa.com\\\/vulnerability-response-policy\\\/\",\"url\":\"https:\\\/\\\/www.rsa.com\\\/vulnerability-response-policy\\\/\",\"name\":\"Vulnerability Response Policy - RSA\",\"isPartOf\":{\"@id\":\"https:\\\/\\\/www.rsa.com\\\/#website\"},\"datePublished\":\"2022-02-03T21:55:23+00:00\",\"dateModified\":\"2025-02-07T21:23:56+00:00\",\"description\":\"The RSA Product Security Incident Response Team (RSA PSIRT) is chartered and responsible for coordinating the response and disclosure for all product vulnerabilities that are reported to RSA.\",\"breadcrumb\":{\"@id\":\"https:\\\/\\\/www.rsa.com\\\/vulnerability-response-policy\\\/#breadcrumb\"},\"inLanguage\":\"de-DE\",\"potentialAction\":[{\"@type\":\"ReadAction\",\"target\":[\"https:\\\/\\\/www.rsa.com\\\/vulnerability-response-policy\\\/\"]}]},{\"@type\":\"BreadcrumbList\",\"@id\":\"https:\\\/\\\/www.rsa.com\\\/vulnerability-response-policy\\\/#breadcrumb\",\"itemListElement\":[{\"@type\":\"ListItem\",\"position\":1,\"name\":\"Home\",\"item\":\"https:\\\/\\\/www.rsa.com\\\/\"},{\"@type\":\"ListItem\",\"position\":2,\"name\":\"Vulnerability Response Policy\"}]},{\"@type\":\"WebSite\",\"@id\":\"https:\\\/\\\/www.rsa.com\\\/#website\",\"url\":\"https:\\\/\\\/www.rsa.com\\\/\",\"name\":\"RSA\",\"description\":\"Cybersecurity and Digital Risk Management Solutions\",\"publisher\":{\"@id\":\"https:\\\/\\\/www.rsa.com\\\/#organization\"},\"potentialAction\":[{\"@type\":\"SearchAction\",\"target\":{\"@type\":\"EntryPoint\",\"urlTemplate\":\"https:\\\/\\\/www.rsa.com\\\/?s={search_term_string}\"},\"query-input\":{\"@type\":\"PropertyValueSpecification\",\"valueRequired\":true,\"valueName\":\"search_term_string\"}}],\"inLanguage\":\"de-DE\"},{\"@type\":\"Organization\",\"@id\":\"https:\\\/\\\/www.rsa.com\\\/#organization\",\"name\":\"RSA\",\"url\":\"https:\\\/\\\/www.rsa.com\\\/\",\"logo\":{\"@type\":\"ImageObject\",\"inLanguage\":\"de-DE\",\"@id\":\"https:\\\/\\\/www.rsa.com\\\/#\\\/schema\\\/logo\\\/image\\\/\",\"url\":\"https:\\\/\\\/www.rsa.com\\\/wp-content\\\/uploads\\\/rsa.png\",\"contentUrl\":\"https:\\\/\\\/www.rsa.com\\\/wp-content\\\/uploads\\\/rsa.png\",\"width\":2880,\"height\":1020,\"caption\":\"RSA\"},\"image\":{\"@id\":\"https:\\\/\\\/www.rsa.com\\\/#\\\/schema\\\/logo\\\/image\\\/\"}}]}<\/script>\n<!-- \/ Yoast SEO plugin. -->","yoast_head_json":{"title":"Richtlinie zur Reaktion auf Schwachstellen - RSA","description":"Das RSA Product Security Incident Response Team (RSA PSIRT) wurde gegr\u00fcndet und ist verantwortlich f\u00fcr die Koordination der Reaktion und der Offenlegung aller Produktschwachstellen, die RSA gemeldet werden.","robots":{"index":"index","follow":"follow","max-snippet":"max-snippet:-1","max-image-preview":"max-image-preview:large","max-video-preview":"max-video-preview:-1"},"canonical":"https:\/\/www.rsa.com\/de\/vulnerability-response-policy\/","og_locale":"de_DE","og_type":"article","og_title":"Vulnerability Response Policy","og_description":"The RSA Product Security Incident Response Team (RSA PSIRT) is chartered and responsible for coordinating the response and disclosure for all product vulnerabilities that are reported to RSA.","og_url":"https:\/\/www.rsa.com\/de\/vulnerability-response-policy\/","og_site_name":"RSA","article_modified_time":"2025-02-07T21:23:56+00:00","og_image":[{"width":1200,"height":630,"url":"https:\/\/www.rsa.com\/wp-content\/uploads\/rsa-og-image.jpg","type":"image\/jpeg"}],"twitter_card":"summary_large_image","twitter_title":"Vulnerability Response Policy","twitter_description":"The RSA Product Security Incident Response Team (RSA PSIRT) is chartered and responsible for coordinating the response and disclosure for all product vulnerabilities that are reported to RSA.","twitter_image":"https:\/\/www.rsa.com\/wp-content\/uploads\/rsa-og-image.jpg","schema":{"@context":"https:\/\/schema.org","@graph":[{"@type":"WebPage","@id":"https:\/\/www.rsa.com\/vulnerability-response-policy\/","url":"https:\/\/www.rsa.com\/vulnerability-response-policy\/","name":"Richtlinie zur Reaktion auf Schwachstellen - RSA","isPartOf":{"@id":"https:\/\/www.rsa.com\/#website"},"datePublished":"2022-02-03T21:55:23+00:00","dateModified":"2025-02-07T21:23:56+00:00","description":"Das RSA Product Security Incident Response Team (RSA PSIRT) wurde gegr\u00fcndet und ist verantwortlich f\u00fcr die Koordination der Reaktion und der Offenlegung aller Produktschwachstellen, die RSA gemeldet werden.","breadcrumb":{"@id":"https:\/\/www.rsa.com\/vulnerability-response-policy\/#breadcrumb"},"inLanguage":"de-DE","potentialAction":[{"@type":"ReadAction","target":["https:\/\/www.rsa.com\/vulnerability-response-policy\/"]}]},{"@type":"BreadcrumbList","@id":"https:\/\/www.rsa.com\/vulnerability-response-policy\/#breadcrumb","itemListElement":[{"@type":"ListItem","position":1,"name":"Home","item":"https:\/\/www.rsa.com\/"},{"@type":"ListItem","position":2,"name":"Vulnerability Response Policy"}]},{"@type":"WebSite","@id":"https:\/\/www.rsa.com\/#website","url":"https:\/\/www.rsa.com\/","name":"RSA","description":"L\u00f6sungen f\u00fcr Cybersecurity und digitales Risikomanagement","publisher":{"@id":"https:\/\/www.rsa.com\/#organization"},"potentialAction":[{"@type":"SearchAction","target":{"@type":"EntryPoint","urlTemplate":"https:\/\/www.rsa.com\/?s={search_term_string}"},"query-input":{"@type":"PropertyValueSpecification","valueRequired":true,"valueName":"search_term_string"}}],"inLanguage":"de-DE"},{"@type":"Organization","@id":"https:\/\/www.rsa.com\/#organization","name":"RSA","url":"https:\/\/www.rsa.com\/","logo":{"@type":"ImageObject","inLanguage":"de-DE","@id":"https:\/\/www.rsa.com\/#\/schema\/logo\/image\/","url":"https:\/\/www.rsa.com\/wp-content\/uploads\/rsa.png","contentUrl":"https:\/\/www.rsa.com\/wp-content\/uploads\/rsa.png","width":2880,"height":1020,"caption":"RSA"},"image":{"@id":"https:\/\/www.rsa.com\/#\/schema\/logo\/image\/"}}]}},"_links":{"self":[{"href":"https:\/\/www.rsa.com\/de\/wp-json\/wp\/v2\/pages\/1581","targetHints":{"allow":["GET"]}}],"collection":[{"href":"https:\/\/www.rsa.com\/de\/wp-json\/wp\/v2\/pages"}],"about":[{"href":"https:\/\/www.rsa.com\/de\/wp-json\/wp\/v2\/types\/page"}],"author":[{"embeddable":true,"href":"https:\/\/www.rsa.com\/de\/wp-json\/wp\/v2\/users\/6"}],"replies":[{"embeddable":true,"href":"https:\/\/www.rsa.com\/de\/wp-json\/wp\/v2\/comments?post=1581"}],"version-history":[{"count":17,"href":"https:\/\/www.rsa.com\/de\/wp-json\/wp\/v2\/pages\/1581\/revisions"}],"predecessor-version":[{"id":32871,"href":"https:\/\/www.rsa.com\/de\/wp-json\/wp\/v2\/pages\/1581\/revisions\/32871"}],"wp:attachment":[{"href":"https:\/\/www.rsa.com\/de\/wp-json\/wp\/v2\/media?parent=1581"}],"curies":[{"name":"wp","href":"https:\/\/api.w.org\/{rel}","templated":true}]}}